{"id":82,"date":"2022-06-26T17:25:28","date_gmt":"2022-06-26T15:25:28","guid":{"rendered":"http:\/\/www.mox-exe.com\/new_website_2\/home\/"},"modified":"2023-01-11T17:40:30","modified_gmt":"2023-01-11T16:40:30","slug":"home","status":"publish","type":"page","link":"http:\/\/www.mox-exe.com\/en\/","title":{"rendered":"Home"},"content":{"rendered":"","protected":false},"excerpt":{"rendered":"","protected":false},"author":1,"featured_media":500,"parent":0,"menu_order":0,"comment_status":"closed","ping_status":"closed","template":"page-HOME.php","meta":{"_acf_changed":false,"footnotes":""},"class_list":["post-82","page","type-page","status-publish","has-post-thumbnail","hentry"],"acf":[],"yoast_head":"<!-- This site is optimized with the Yoast SEO plugin v26.9 - https:\/\/yoast.com\/product\/yoast-seo-wordpress\/ -->\n<title>MOX<\/title>\n<meta name=\"robots\" content=\"index, follow, max-snippet:-1, max-image-preview:large, max-video-preview:-1\" \/>\n<link rel=\"canonical\" href=\"http:\/\/www.mox-exe.com\/en\/\" \/>\n<meta property=\"og:locale\" content=\"en_US\" \/>\n<meta property=\"og:type\" content=\"article\" \/>\n<meta property=\"og:title\" content=\"MOX\" \/>\n<meta property=\"og:url\" content=\"http:\/\/www.mox-exe.com\/en\/\" \/>\n<meta property=\"og:site_name\" content=\"MOX\" \/>\n<meta property=\"article:modified_time\" content=\"2023-01-11T16:40:30+00:00\" \/>\n<meta property=\"og:image\" content=\"http:\/\/www.mox-exe.com\/new_website_2\/wp-content\/uploads\/mox-home-ok-2.png\" \/>\n\t<meta property=\"og:image:width\" content=\"768\" \/>\n\t<meta property=\"og:image:height\" content=\"1536\" \/>\n\t<meta property=\"og:image:type\" content=\"image\/png\" \/>\n<meta name=\"twitter:card\" content=\"summary_large_image\" \/>\n<script type=\"application\/ld+json\" class=\"yoast-schema-graph\">{\"@context\":\"https:\/\/schema.org\",\"@graph\":[{\"@type\":\"WebPage\",\"@id\":\"http:\/\/www.mox-exe.com\/en\/\",\"url\":\"http:\/\/www.mox-exe.com\/en\/\",\"name\":\"MOX\",\"isPartOf\":{\"@id\":\"http:\/\/www.mox-exe.com\/en\/#website\"},\"primaryImageOfPage\":{\"@id\":\"http:\/\/www.mox-exe.com\/en\/#primaryimage\"},\"image\":{\"@id\":\"http:\/\/www.mox-exe.com\/en\/#primaryimage\"},\"thumbnailUrl\":\"http:\/\/www.mox-exe.com\/new_website_2\/wp-content\/uploads\/mox-home-ok-2.png\",\"datePublished\":\"2022-06-26T15:25:28+00:00\",\"dateModified\":\"2023-01-11T16:40:30+00:00\",\"inLanguage\":\"en-US\",\"potentialAction\":[{\"@type\":\"ReadAction\",\"target\":[\"http:\/\/www.mox-exe.com\/en\/\"]}]},{\"@type\":\"ImageObject\",\"inLanguage\":\"en-US\",\"@id\":\"http:\/\/www.mox-exe.com\/en\/#primaryimage\",\"url\":\"http:\/\/www.mox-exe.com\/new_website_2\/wp-content\/uploads\/mox-home-ok-2.png\",\"contentUrl\":\"http:\/\/www.mox-exe.com\/new_website_2\/wp-content\/uploads\/mox-home-ok-2.png\",\"width\":2500,\"height\":5000},{\"@type\":\"WebSite\",\"@id\":\"http:\/\/www.mox-exe.com\/en\/#website\",\"url\":\"http:\/\/www.mox-exe.com\/en\/\",\"name\":\"MOX\",\"description\":\"L\u2019agence MOX, sp\u00e9cialis\u00e9e dans la direction de travaux et la synth\u00e8se architecturale, r\u00e9alise les missions de Ma\u00eetrise d\u2019\u0153uvre d\u2019ex\u00e9cution de vos projets de construction neuve et r\u00e9habilitation.\",\"potentialAction\":[{\"@type\":\"SearchAction\",\"target\":{\"@type\":\"EntryPoint\",\"urlTemplate\":\"http:\/\/www.mox-exe.com\/en\/?s={search_term_string}\"},\"query-input\":{\"@type\":\"PropertyValueSpecification\",\"valueRequired\":true,\"valueName\":\"search_term_string\"}}],\"inLanguage\":\"en-US\"}]}<\/script>\n<!-- \/ Yoast SEO plugin. -->","yoast_head_json":{"title":"MOX","robots":{"index":"index","follow":"follow","max-snippet":"max-snippet:-1","max-image-preview":"max-image-preview:large","max-video-preview":"max-video-preview:-1"},"canonical":"http:\/\/www.mox-exe.com\/en\/","og_locale":"en_US","og_type":"article","og_title":"MOX","og_url":"http:\/\/www.mox-exe.com\/en\/","og_site_name":"MOX","article_modified_time":"2023-01-11T16:40:30+00:00","og_image":[{"url":"http:\/\/www.mox-exe.com\/new_website_2\/wp-content\/uploads\/mox-home-ok-2.png","width":768,"height":1536,"type":"image\/png"}],"twitter_card":"summary_large_image","schema":{"@context":"https:\/\/schema.org","@graph":[{"@type":"WebPage","@id":"http:\/\/www.mox-exe.com\/en\/","url":"http:\/\/www.mox-exe.com\/en\/","name":"MOX","isPartOf":{"@id":"http:\/\/www.mox-exe.com\/en\/#website"},"primaryImageOfPage":{"@id":"http:\/\/www.mox-exe.com\/en\/#primaryimage"},"image":{"@id":"http:\/\/www.mox-exe.com\/en\/#primaryimage"},"thumbnailUrl":"http:\/\/www.mox-exe.com\/new_website_2\/wp-content\/uploads\/mox-home-ok-2.png","datePublished":"2022-06-26T15:25:28+00:00","dateModified":"2023-01-11T16:40:30+00:00","inLanguage":"en-US","potentialAction":[{"@type":"ReadAction","target":["http:\/\/www.mox-exe.com\/en\/"]}]},{"@type":"ImageObject","inLanguage":"en-US","@id":"http:\/\/www.mox-exe.com\/en\/#primaryimage","url":"http:\/\/www.mox-exe.com\/new_website_2\/wp-content\/uploads\/mox-home-ok-2.png","contentUrl":"http:\/\/www.mox-exe.com\/new_website_2\/wp-content\/uploads\/mox-home-ok-2.png","width":2500,"height":5000},{"@type":"WebSite","@id":"http:\/\/www.mox-exe.com\/en\/#website","url":"http:\/\/www.mox-exe.com\/en\/","name":"MOX","description":"L\u2019agence MOX, sp\u00e9cialis\u00e9e dans la direction de travaux et la synth\u00e8se architecturale, r\u00e9alise les missions de Ma\u00eetrise d\u2019\u0153uvre d\u2019ex\u00e9cution de vos projets de construction neuve et r\u00e9habilitation.","potentialAction":[{"@type":"SearchAction","target":{"@type":"EntryPoint","urlTemplate":"http:\/\/www.mox-exe.com\/en\/?s={search_term_string}"},"query-input":{"@type":"PropertyValueSpecification","valueRequired":true,"valueName":"search_term_string"}}],"inLanguage":"en-US"}]}},"_links":{"self":[{"href":"http:\/\/www.mox-exe.com\/en\/wp-json\/wp\/v2\/pages\/82","targetHints":{"allow":["GET"]}}],"collection":[{"href":"http:\/\/www.mox-exe.com\/en\/wp-json\/wp\/v2\/pages"}],"about":[{"href":"http:\/\/www.mox-exe.com\/en\/wp-json\/wp\/v2\/types\/page"}],"author":[{"embeddable":true,"href":"http:\/\/www.mox-exe.com\/en\/wp-json\/wp\/v2\/users\/1"}],"replies":[{"embeddable":true,"href":"http:\/\/www.mox-exe.com\/en\/wp-json\/wp\/v2\/comments?post=82"}],"version-history":[{"count":1,"href":"http:\/\/www.mox-exe.com\/en\/wp-json\/wp\/v2\/pages\/82\/revisions"}],"predecessor-version":[{"id":83,"href":"http:\/\/www.mox-exe.com\/en\/wp-json\/wp\/v2\/pages\/82\/revisions\/83"}],"wp:featuredmedia":[{"embeddable":true,"href":"http:\/\/www.mox-exe.com\/en\/wp-json\/wp\/v2\/media\/500"}],"wp:attachment":[{"href":"http:\/\/www.mox-exe.com\/en\/wp-json\/wp\/v2\/media?parent=82"}],"curies":[{"name":"wp","href":"https:\/\/api.w.org\/{rel}","templated":true}]}}