{"id":63,"date":"2022-06-27T17:10:02","date_gmt":"2022-06-27T15:10:02","guid":{"rendered":"http:\/\/www.mox-exe.com\/new_website_2\/lagence\/"},"modified":"2022-12-15T17:12:43","modified_gmt":"2022-12-15T16:12:43","slug":"agency","status":"publish","type":"page","link":"http:\/\/www.mox-exe.com\/en\/agency\/","title":{"rendered":"Agency"},"content":{"rendered":"<p>MOX Agency is a Project Management structure carrying out Work Management, Monitoring, Visas, Technical and Architectural Reviews assignments.<\/p>\n<p>MOX Agency was created in 2016 by Uriel Ruleta with Cyrille Le Bihan and Mathurin Hardel (<a href=\"https:\/\/www.hardel-lebihan.com\/focus\/mox-partage-experience\" target=\"_blank\" rel=\"noopener\">Hardel Le Bihan<\/a>), after 5 years of collaboration, to pursue activities focused on construction site methodology. Its ambition is to approach each program with adapted tools, to reflect on problems encountered and to analyze their constraints, considering every project with its particularities and values.<\/p>\n","protected":false},"excerpt":{"rendered":"<p>MOX Agency is a Project Management structure carrying out Work Management, Monitoring, Visas, Technical and Architectural Reviews assignments. MOX Agency was created in 2016 by Uriel Ruleta with Cyrille Le Bihan and Mathurin Hardel (Hardel Le Bihan), after 5 years of collaboration, to pursue activities focused on construction site methodology. Its ambition is to approach [&hellip;]<\/p>\n","protected":false},"author":1,"featured_media":51,"parent":0,"menu_order":2,"comment_status":"closed","ping_status":"closed","template":"page-AGENCE.php","meta":{"_acf_changed":false,"footnotes":""},"class_list":["post-63","page","type-page","status-publish","has-post-thumbnail","hentry"],"acf":[],"yoast_head":"<!-- This site is optimized with the Yoast SEO plugin v27.4 - https:\/\/yoast.com\/product\/yoast-seo-wordpress\/ -->\n<title>Agency - MOX<\/title>\n<meta name=\"robots\" content=\"index, follow, max-snippet:-1, max-image-preview:large, max-video-preview:-1\" \/>\n<link rel=\"canonical\" href=\"http:\/\/www.mox-exe.com\/en\/agency\/\" \/>\n<meta property=\"og:locale\" content=\"en_US\" \/>\n<meta property=\"og:type\" content=\"article\" \/>\n<meta property=\"og:title\" content=\"Agency - MOX\" \/>\n<meta property=\"og:description\" content=\"MOX Agency is a Project Management structure carrying out Work Management, Monitoring, Visas, Technical and Architectural Reviews assignments. MOX Agency was created in 2016 by Uriel Ruleta with Cyrille Le Bihan and Mathurin Hardel (Hardel Le Bihan), after 5 years of collaboration, to pursue activities focused on construction site methodology. Its ambition is to approach [&hellip;]\" \/>\n<meta property=\"og:url\" content=\"http:\/\/www.mox-exe.com\/en\/agency\/\" \/>\n<meta property=\"og:site_name\" content=\"MOX\" \/>\n<meta property=\"article:modified_time\" content=\"2022-12-15T16:12:43+00:00\" \/>\n<meta property=\"og:image\" content=\"http:\/\/www.mox-exe.com\/new_website_2\/wp-content\/uploads\/2022\/06\/220602_NT_DSC05142S-1024x683.jpg\" \/>\n\t<meta property=\"og:image:width\" content=\"1024\" \/>\n\t<meta property=\"og:image:height\" content=\"683\" \/>\n\t<meta property=\"og:image:type\" content=\"image\/jpeg\" \/>\n<meta name=\"twitter:card\" content=\"summary_large_image\" \/>\n<meta name=\"twitter:label1\" content=\"Est. reading time\" \/>\n\t<meta name=\"twitter:data1\" content=\"1 minute\" \/>\n<script type=\"application\/ld+json\" class=\"yoast-schema-graph\">{\"@context\":\"https:\\\/\\\/schema.org\",\"@graph\":[{\"@type\":\"WebPage\",\"@id\":\"http:\\\/\\\/www.mox-exe.com\\\/en\\\/agency\\\/\",\"url\":\"http:\\\/\\\/www.mox-exe.com\\\/en\\\/agency\\\/\",\"name\":\"Agency - MOX\",\"isPartOf\":{\"@id\":\"https:\\\/\\\/www.mox-exe.com\\\/en\\\/#website\"},\"primaryImageOfPage\":{\"@id\":\"http:\\\/\\\/www.mox-exe.com\\\/en\\\/agency\\\/#primaryimage\"},\"image\":{\"@id\":\"http:\\\/\\\/www.mox-exe.com\\\/en\\\/agency\\\/#primaryimage\"},\"thumbnailUrl\":\"http:\\\/\\\/www.mox-exe.com\\\/new_website_2\\\/wp-content\\\/uploads\\\/2022\\\/06\\\/220602_NT_DSC05142S.jpg\",\"datePublished\":\"2022-06-27T15:10:02+00:00\",\"dateModified\":\"2022-12-15T16:12:43+00:00\",\"inLanguage\":\"en-US\",\"potentialAction\":[{\"@type\":\"ReadAction\",\"target\":[\"http:\\\/\\\/www.mox-exe.com\\\/en\\\/agency\\\/\"]}]},{\"@type\":\"ImageObject\",\"inLanguage\":\"en-US\",\"@id\":\"http:\\\/\\\/www.mox-exe.com\\\/en\\\/agency\\\/#primaryimage\",\"url\":\"http:\\\/\\\/www.mox-exe.com\\\/new_website_2\\\/wp-content\\\/uploads\\\/2022\\\/06\\\/220602_NT_DSC05142S.jpg\",\"contentUrl\":\"http:\\\/\\\/www.mox-exe.com\\\/new_website_2\\\/wp-content\\\/uploads\\\/2022\\\/06\\\/220602_NT_DSC05142S.jpg\",\"width\":2500,\"height\":1667},{\"@type\":\"WebSite\",\"@id\":\"https:\\\/\\\/www.mox-exe.com\\\/en\\\/#website\",\"url\":\"https:\\\/\\\/www.mox-exe.com\\\/en\\\/\",\"name\":\"MOX\",\"description\":\"L\u2019agence MOX, sp\u00e9cialis\u00e9e dans la direction de travaux et la synth\u00e8se architecturale, r\u00e9alise les missions de Ma\u00eetrise d\u2019\u0153uvre d\u2019ex\u00e9cution de vos projets de construction neuve et r\u00e9habilitation.\",\"potentialAction\":[{\"@type\":\"SearchAction\",\"target\":{\"@type\":\"EntryPoint\",\"urlTemplate\":\"https:\\\/\\\/www.mox-exe.com\\\/en\\\/?s={search_term_string}\"},\"query-input\":{\"@type\":\"PropertyValueSpecification\",\"valueRequired\":true,\"valueName\":\"search_term_string\"}}],\"inLanguage\":\"en-US\"}]}<\/script>\n<!-- \/ Yoast SEO plugin. -->","yoast_head_json":{"title":"Agency - MOX","robots":{"index":"index","follow":"follow","max-snippet":"max-snippet:-1","max-image-preview":"max-image-preview:large","max-video-preview":"max-video-preview:-1"},"canonical":"http:\/\/www.mox-exe.com\/en\/agency\/","og_locale":"en_US","og_type":"article","og_title":"Agency - MOX","og_description":"MOX Agency is a Project Management structure carrying out Work Management, Monitoring, Visas, Technical and Architectural Reviews assignments. MOX Agency was created in 2016 by Uriel Ruleta with Cyrille Le Bihan and Mathurin Hardel (Hardel Le Bihan), after 5 years of collaboration, to pursue activities focused on construction site methodology. Its ambition is to approach [&hellip;]","og_url":"http:\/\/www.mox-exe.com\/en\/agency\/","og_site_name":"MOX","article_modified_time":"2022-12-15T16:12:43+00:00","og_image":[{"width":1024,"height":683,"url":"http:\/\/www.mox-exe.com\/new_website_2\/wp-content\/uploads\/2022\/06\/220602_NT_DSC05142S-1024x683.jpg","type":"image\/jpeg"}],"twitter_card":"summary_large_image","twitter_misc":{"Est. reading time":"1 minute"},"schema":{"@context":"https:\/\/schema.org","@graph":[{"@type":"WebPage","@id":"http:\/\/www.mox-exe.com\/en\/agency\/","url":"http:\/\/www.mox-exe.com\/en\/agency\/","name":"Agency - MOX","isPartOf":{"@id":"https:\/\/www.mox-exe.com\/en\/#website"},"primaryImageOfPage":{"@id":"http:\/\/www.mox-exe.com\/en\/agency\/#primaryimage"},"image":{"@id":"http:\/\/www.mox-exe.com\/en\/agency\/#primaryimage"},"thumbnailUrl":"http:\/\/www.mox-exe.com\/new_website_2\/wp-content\/uploads\/2022\/06\/220602_NT_DSC05142S.jpg","datePublished":"2022-06-27T15:10:02+00:00","dateModified":"2022-12-15T16:12:43+00:00","inLanguage":"en-US","potentialAction":[{"@type":"ReadAction","target":["http:\/\/www.mox-exe.com\/en\/agency\/"]}]},{"@type":"ImageObject","inLanguage":"en-US","@id":"http:\/\/www.mox-exe.com\/en\/agency\/#primaryimage","url":"http:\/\/www.mox-exe.com\/new_website_2\/wp-content\/uploads\/2022\/06\/220602_NT_DSC05142S.jpg","contentUrl":"http:\/\/www.mox-exe.com\/new_website_2\/wp-content\/uploads\/2022\/06\/220602_NT_DSC05142S.jpg","width":2500,"height":1667},{"@type":"WebSite","@id":"https:\/\/www.mox-exe.com\/en\/#website","url":"https:\/\/www.mox-exe.com\/en\/","name":"MOX","description":"L\u2019agence MOX, sp\u00e9cialis\u00e9e dans la direction de travaux et la synth\u00e8se architecturale, r\u00e9alise les missions de Ma\u00eetrise d\u2019\u0153uvre d\u2019ex\u00e9cution de vos projets de construction neuve et r\u00e9habilitation.","potentialAction":[{"@type":"SearchAction","target":{"@type":"EntryPoint","urlTemplate":"https:\/\/www.mox-exe.com\/en\/?s={search_term_string}"},"query-input":{"@type":"PropertyValueSpecification","valueRequired":true,"valueName":"search_term_string"}}],"inLanguage":"en-US"}]}},"_links":{"self":[{"href":"http:\/\/www.mox-exe.com\/en\/wp-json\/wp\/v2\/pages\/63","targetHints":{"allow":["GET"]}}],"collection":[{"href":"http:\/\/www.mox-exe.com\/en\/wp-json\/wp\/v2\/pages"}],"about":[{"href":"http:\/\/www.mox-exe.com\/en\/wp-json\/wp\/v2\/types\/page"}],"author":[{"embeddable":true,"href":"http:\/\/www.mox-exe.com\/en\/wp-json\/wp\/v2\/users\/1"}],"replies":[{"embeddable":true,"href":"http:\/\/www.mox-exe.com\/en\/wp-json\/wp\/v2\/comments?post=63"}],"version-history":[{"count":6,"href":"http:\/\/www.mox-exe.com\/en\/wp-json\/wp\/v2\/pages\/63\/revisions"}],"predecessor-version":[{"id":72,"href":"http:\/\/www.mox-exe.com\/en\/wp-json\/wp\/v2\/pages\/63\/revisions\/72"}],"wp:featuredmedia":[{"embeddable":true,"href":"http:\/\/www.mox-exe.com\/en\/wp-json\/wp\/v2\/media\/51"}],"wp:attachment":[{"href":"http:\/\/www.mox-exe.com\/en\/wp-json\/wp\/v2\/media?parent=63"}],"curies":[{"name":"wp","href":"https:\/\/api.w.org\/{rel}","templated":true}]}}