{"id":60,"date":"2022-06-27T17:12:08","date_gmt":"2022-06-27T15:12:08","guid":{"rendered":"http:\/\/www.mox-exe.com\/new_website_2\/contact\/"},"modified":"2023-01-10T16:49:29","modified_gmt":"2023-01-10T15:49:29","slug":"contact","status":"publish","type":"page","link":"http:\/\/www.mox-exe.com\/en\/contact\/","title":{"rendered":"Contact"},"content":{"rendered":"<p>40 rue de Paradis<br \/>\n75010 Paris<br \/>\n<a href=\"mailto:contact@mox-exe.com\">contact@mox-exe.com<\/a><br \/>\nT. +33(0)1 87 44 89 50<\/p>\n","protected":false},"excerpt":{"rendered":"<p>40 rue de Paradis 75010 Paris contact@mox-exe.com T. +33(0)1 87 44 89 50<\/p>\n","protected":false},"author":1,"featured_media":0,"parent":0,"menu_order":1,"comment_status":"closed","ping_status":"closed","template":"page-CONTACT.php","meta":{"_acf_changed":false,"footnotes":""},"class_list":["post-60","page","type-page","status-publish","hentry"],"acf":[],"yoast_head":"<!-- This site is optimized with the Yoast SEO plugin v26.9 - https:\/\/yoast.com\/product\/yoast-seo-wordpress\/ -->\n<title>Contact - MOX<\/title>\n<meta name=\"robots\" content=\"index, follow, max-snippet:-1, max-image-preview:large, max-video-preview:-1\" \/>\n<link rel=\"canonical\" href=\"http:\/\/www.mox-exe.com\/en\/contact\/\" \/>\n<meta property=\"og:locale\" content=\"en_US\" \/>\n<meta property=\"og:type\" content=\"article\" \/>\n<meta property=\"og:title\" content=\"Contact - MOX\" \/>\n<meta property=\"og:description\" content=\"40 rue de Paradis 75010 Paris contact@mox-exe.com T. +33(0)1 87 44 89 50\" \/>\n<meta property=\"og:url\" content=\"http:\/\/www.mox-exe.com\/en\/contact\/\" \/>\n<meta property=\"og:site_name\" content=\"MOX\" \/>\n<meta property=\"article:modified_time\" content=\"2023-01-10T15:49:29+00:00\" \/>\n<meta name=\"twitter:card\" content=\"summary_large_image\" \/>\n<meta name=\"twitter:label1\" content=\"Est. reading time\" \/>\n\t<meta name=\"twitter:data1\" content=\"1 minute\" \/>\n<script type=\"application\/ld+json\" class=\"yoast-schema-graph\">{\"@context\":\"https:\/\/schema.org\",\"@graph\":[{\"@type\":\"WebPage\",\"@id\":\"http:\/\/www.mox-exe.com\/en\/contact\/\",\"url\":\"http:\/\/www.mox-exe.com\/en\/contact\/\",\"name\":\"Contact - MOX\",\"isPartOf\":{\"@id\":\"http:\/\/www.mox-exe.com\/en\/#website\"},\"datePublished\":\"2022-06-27T15:12:08+00:00\",\"dateModified\":\"2023-01-10T15:49:29+00:00\",\"inLanguage\":\"en-US\",\"potentialAction\":[{\"@type\":\"ReadAction\",\"target\":[\"http:\/\/www.mox-exe.com\/en\/contact\/\"]}]},{\"@type\":\"WebSite\",\"@id\":\"http:\/\/www.mox-exe.com\/en\/#website\",\"url\":\"http:\/\/www.mox-exe.com\/en\/\",\"name\":\"MOX\",\"description\":\"L\u2019agence MOX, sp\u00e9cialis\u00e9e dans la direction de travaux et la synth\u00e8se architecturale, r\u00e9alise les missions de Ma\u00eetrise d\u2019\u0153uvre d\u2019ex\u00e9cution de vos projets de construction neuve et r\u00e9habilitation.\",\"potentialAction\":[{\"@type\":\"SearchAction\",\"target\":{\"@type\":\"EntryPoint\",\"urlTemplate\":\"http:\/\/www.mox-exe.com\/en\/?s={search_term_string}\"},\"query-input\":{\"@type\":\"PropertyValueSpecification\",\"valueRequired\":true,\"valueName\":\"search_term_string\"}}],\"inLanguage\":\"en-US\"}]}<\/script>\n<!-- \/ Yoast SEO plugin. -->","yoast_head_json":{"title":"Contact - MOX","robots":{"index":"index","follow":"follow","max-snippet":"max-snippet:-1","max-image-preview":"max-image-preview:large","max-video-preview":"max-video-preview:-1"},"canonical":"http:\/\/www.mox-exe.com\/en\/contact\/","og_locale":"en_US","og_type":"article","og_title":"Contact - MOX","og_description":"40 rue de Paradis 75010 Paris contact@mox-exe.com T. +33(0)1 87 44 89 50","og_url":"http:\/\/www.mox-exe.com\/en\/contact\/","og_site_name":"MOX","article_modified_time":"2023-01-10T15:49:29+00:00","twitter_card":"summary_large_image","twitter_misc":{"Est. reading time":"1 minute"},"schema":{"@context":"https:\/\/schema.org","@graph":[{"@type":"WebPage","@id":"http:\/\/www.mox-exe.com\/en\/contact\/","url":"http:\/\/www.mox-exe.com\/en\/contact\/","name":"Contact - MOX","isPartOf":{"@id":"http:\/\/www.mox-exe.com\/en\/#website"},"datePublished":"2022-06-27T15:12:08+00:00","dateModified":"2023-01-10T15:49:29+00:00","inLanguage":"en-US","potentialAction":[{"@type":"ReadAction","target":["http:\/\/www.mox-exe.com\/en\/contact\/"]}]},{"@type":"WebSite","@id":"http:\/\/www.mox-exe.com\/en\/#website","url":"http:\/\/www.mox-exe.com\/en\/","name":"MOX","description":"L\u2019agence MOX, sp\u00e9cialis\u00e9e dans la direction de travaux et la synth\u00e8se architecturale, r\u00e9alise les missions de Ma\u00eetrise d\u2019\u0153uvre d\u2019ex\u00e9cution de vos projets de construction neuve et r\u00e9habilitation.","potentialAction":[{"@type":"SearchAction","target":{"@type":"EntryPoint","urlTemplate":"http:\/\/www.mox-exe.com\/en\/?s={search_term_string}"},"query-input":{"@type":"PropertyValueSpecification","valueRequired":true,"valueName":"search_term_string"}}],"inLanguage":"en-US"}]}},"_links":{"self":[{"href":"http:\/\/www.mox-exe.com\/en\/wp-json\/wp\/v2\/pages\/60","targetHints":{"allow":["GET"]}}],"collection":[{"href":"http:\/\/www.mox-exe.com\/en\/wp-json\/wp\/v2\/pages"}],"about":[{"href":"http:\/\/www.mox-exe.com\/en\/wp-json\/wp\/v2\/types\/page"}],"author":[{"embeddable":true,"href":"http:\/\/www.mox-exe.com\/en\/wp-json\/wp\/v2\/users\/1"}],"replies":[{"embeddable":true,"href":"http:\/\/www.mox-exe.com\/en\/wp-json\/wp\/v2\/comments?post=60"}],"version-history":[{"count":3,"href":"http:\/\/www.mox-exe.com\/en\/wp-json\/wp\/v2\/pages\/60\/revisions"}],"predecessor-version":[{"id":493,"href":"http:\/\/www.mox-exe.com\/en\/wp-json\/wp\/v2\/pages\/60\/revisions\/493"}],"wp:attachment":[{"href":"http:\/\/www.mox-exe.com\/en\/wp-json\/wp\/v2\/media?parent=60"}],"curies":[{"name":"wp","href":"https:\/\/api.w.org\/{rel}","templated":true}]}}